{"id":2474,"date":"2020-11-24T21:13:07","date_gmt":"2020-11-24T21:13:07","guid":{"rendered":"https:\/\/online-reitschule.de\/?page_id=2474"},"modified":"2021-01-16T12:17:59","modified_gmt":"2021-01-16T12:17:59","slug":"imprint","status":"publish","type":"page","link":"https:\/\/online-reitschule.de\/en\/imprint\/","title":{"rendered":"Imprint"},"content":{"rendered":"\t\t<div data-elementor-type=\"wp-page\" data-elementor-id=\"2474\" class=\"elementor elementor-2474 elementor-69\" data-elementor-settings=\"[]\">\n\t\t\t\t\t\t<div class=\"elementor-inner\">\n\t\t\t\t\t\t\t<div class=\"elementor-section-wrap\">\n\t\t\t\t\t\t\t<section class=\"elementor-section elementor-top-section elementor-element elementor-element-1045faa elementor-section-boxed elementor-section-height-default elementor-section-height-default\" data-id=\"1045faa\" data-element_type=\"section\">\n\t\t\t\t\t\t<div class=\"elementor-container elementor-column-gap-default\">\n\t\t\t\t\t\t\t<div class=\"elementor-row\">\n\t\t\t\t\t<div class=\"elementor-column elementor-col-100 elementor-top-column elementor-element elementor-element-4464aad\" data-id=\"4464aad\" data-element_type=\"column\">\n\t\t\t<div class=\"elementor-column-wrap elementor-element-populated\">\n\t\t\t\t\t\t\t<div class=\"elementor-widget-wrap\">\n\t\t\t\t\t\t<div class=\"elementor-element elementor-element-d2f5590 elementor-widget elementor-widget-text-editor\" data-id=\"d2f5590\" data-element_type=\"widget\" data-widget_type=\"text-editor.default\">\n\t\t\t\t<div class=\"elementor-widget-container\">\n\t\t\t\t\t<div class=\"elementor-text-editor elementor-clearfix\"><h2><strong>Information pursuant to Sect. 5 German Telemedia Act (TMG)<\/strong><\/h2><p>OROHA GmbH &amp; Co KG<br \/>Bechtrup 63a<br \/>59348 L\u00fcdinghausen<\/p><p>Commercial Register: HRA 9133<br \/>Registration court: Coesfeld<\/p><p><strong>Represented by:<\/strong><br \/>OROHA Verwaltungs GmbH<\/p><p>That one represented by:<br \/>Marius Schneider<br \/>Carina D\u00f6rfler<\/p><p>Commercial Register: HRB 19242<br \/>Registering court: Coesfeld<\/p><h2>Contact<\/h2><p>Phone: +49(0)2591 \u2013 8932741<br \/>E-mail: kontakt@online-reitschule.de<\/p><h2>VAT ID<\/h2><p>Sales tax identification number according to Sect. 27 a of the Sales Tax Law:<br \/>DE337225180<\/p><h2>EU dispute resolution<\/h2><p>The European Commission provides a platform for online dispute resolution (ODR): <a href=\"https:\/\/ec.europa.eu\/consumers\/odr\" target=\"_blank\" rel=\"noopener noreferrer\">https:\/\/ec.europa.eu\/consumers\/odr<\/a>.<br \/>Our e-mail address can be found above in the site notice.<\/p><h2>Dispute resolution proceedings in front of a consumer arbitration board<\/h2><p>We participate in a dispute settlement procedure before a consumer arbitration board. The competent consumer arbitration board is Zentrum f\u00fcr Schlichtung e.V., Stra\u00dfburger Stra\u00dfe 8, 77694 Kehl am Rhein (<a href=\"https:\/\/www.verbraucher-schlichter.de\" target=\"_blank\" rel=\"noopener noreferrer\">https:\/\/www.verbraucher-schlichter.de<\/a>).<\/p><h3>Liability for Contents<\/h3><p>As service providers, we are liable for own contents of these websites according to Paragraph 7, Sect. 1 German Telemedia Act (TMG). However, according to Paragraphs 8 to 10 German Telemedia Act (TMG), service providers are not obligated to permanently monitor submitted or stored information or to search for evidences that indicate illegal activities.<\/p><p>Legal obligations to removing information or to blocking the use of information remain unchallenged. In this case, liability is only possible at the time of knowledge about a specific violation of law. Illegal contents will be removed immediately at the time we get knowledge of them.<\/p><h3>Liability for Links<\/h3><p>Our offer includes links to external third-party websites. We have no influence on the contents of those websites, therefore we cannot guarantee for those contents. Providers or administrators of linked websites are always responsible for their own contents.<\/p><p>The linked websites had been checked for possible violations of law at the time of the establishment of the link. Illegal contents were not detected at the time of the linking. A permanent monitoring of the contents of linked websites cannot be imposed without reasonable indications that there has been a violation of law. Illegal links will be removed immediately at the time we get knowledge of them.<\/p><h3>Copyright<\/h3><p>Contents and compilations published on these websites by the providers are subject to German copyright laws. Reproduction, editing, distribution as well as the use of any kind outside the scope of the copyright law require a written permission of the author or originator. Downloads and copies of these websites are permitted for private use only.<br \/>The commercial use of our contents without permission of the originator is prohibited.<\/p><p>Copyright laws of third parties are respected as long as the contents on these websites do not originate from the provider. Contributions of third parties on this site are indicated as such. However, if you notice any violations of copyright law, please inform us. Such contents will be removed immediately.<\/p><\/div>\n\t\t\t\t<\/div>\n\t\t\t\t<\/div>\n\t\t\t\t\t\t<\/div>\n\t\t\t\t\t<\/div>\n\t\t<\/div>\n\t\t\t\t\t\t\t\t<\/div>\n\t\t\t\t\t<\/div>\n\t\t<\/section>\n\t\t\t\t\t\t<\/div>\n\t\t\t\t\t\t<\/div>\n\t\t\t\t\t<\/div>\n\t\t","protected":false},"excerpt":{"rendered":"<p>Information pursuant to Sect. 5 German Telemedia Act (TMG) OROHA GmbH &amp; Co KGBechtrup 63a59348 L\u00fcdinghausen Commercial Register: HRA 9133Registration court: Coesfeld Represented by:OROHA Verwaltungs GmbH That one represented by:Marius SchneiderCarina D\u00f6rfler Commercial Register: HRB 19242Registering court: Coesfeld Contact Phone: +49(0)2591 \u2013 8932741E-mail: kontakt@online-reitschule.de VAT ID Sales tax identification number according to Sect. 27 a [&hellip;]<\/p>\n","protected":false},"author":1,"featured_media":0,"parent":0,"menu_order":0,"comment_status":"closed","ping_status":"closed","template":"","meta":{"_acf_changed":false,"footnotes":""},"class_list":["post-2474","page","type-page","status-publish","hentry"],"acf":[],"yoast_head":"<!-- This site is optimized with the Yoast SEO plugin v24.1 - https:\/\/yoast.com\/wordpress\/plugins\/seo\/ -->\n<title>Imprint &#8211; online-reitschule<\/title>\n<meta name=\"robots\" content=\"index, follow, max-snippet:-1, max-image-preview:large, max-video-preview:-1\" \/>\n<link rel=\"canonical\" href=\"https:\/\/online-reitschule.de\/impressum\/\" \/>\n<meta property=\"og:locale\" content=\"en_US\" \/>\n<meta property=\"og:type\" content=\"article\" \/>\n<meta property=\"og:title\" content=\"Imprint &#8211; online-reitschule\" \/>\n<meta property=\"og:description\" content=\"Information pursuant to Sect. 5 German Telemedia Act (TMG) OROHA GmbH &amp; Co KGBechtrup 63a59348 L\u00fcdinghausen Commercial Register: HRA 9133Registration court: Coesfeld Represented by:OROHA Verwaltungs GmbH That one represented by:Marius SchneiderCarina D\u00f6rfler Commercial Register: HRB 19242Registering court: Coesfeld Contact Phone: +49(0)2591 \u2013 8932741E-mail: kontakt@online-reitschule.de VAT ID Sales tax identification number according to Sect. 27 a [&hellip;]\" \/>\n<meta property=\"og:url\" content=\"https:\/\/online-reitschule.de\/impressum\/\" \/>\n<meta property=\"og:site_name\" content=\"online-reitschule\" \/>\n<meta property=\"article:publisher\" content=\"https:\/\/www.facebook.com\/onlinereitschule\" \/>\n<meta property=\"article:modified_time\" content=\"2021-01-16T12:17:59+00:00\" \/>\n<meta property=\"og:image\" content=\"https:\/\/online-reitschule.de\/wp-content\/uploads\/2020\/11\/online-reitschule-responsive.png\" \/>\n\t<meta property=\"og:image:width\" content=\"1000\" \/>\n\t<meta property=\"og:image:height\" content=\"479\" \/>\n\t<meta property=\"og:image:type\" content=\"image\/png\" \/>\n<meta name=\"twitter:card\" content=\"summary_large_image\" \/>\n<meta name=\"twitter:label1\" content=\"Est. reading time\" \/>\n\t<meta name=\"twitter:data1\" content=\"2 minutes\" \/>\n<script type=\"application\/ld+json\" class=\"yoast-schema-graph\">{\"@context\":\"https:\/\/schema.org\",\"@graph\":[{\"@type\":\"WebPage\",\"@id\":\"https:\/\/online-reitschule.de\/impressum\/\",\"url\":\"https:\/\/online-reitschule.de\/impressum\/\",\"name\":\"Imprint &#8211; online-reitschule\",\"isPartOf\":{\"@id\":\"https:\/\/online-reitschule.de\/#website\"},\"datePublished\":\"2020-11-24T21:13:07+00:00\",\"dateModified\":\"2021-01-16T12:17:59+00:00\",\"breadcrumb\":{\"@id\":\"https:\/\/online-reitschule.de\/impressum\/#breadcrumb\"},\"inLanguage\":\"en-US\",\"potentialAction\":[{\"@type\":\"ReadAction\",\"target\":[\"https:\/\/online-reitschule.de\/impressum\/\"]}]},{\"@type\":\"BreadcrumbList\",\"@id\":\"https:\/\/online-reitschule.de\/impressum\/#breadcrumb\",\"itemListElement\":[{\"@type\":\"ListItem\",\"position\":1,\"name\":\"Startseite\",\"item\":\"https:\/\/online-reitschule.de\/en\/\"},{\"@type\":\"ListItem\",\"position\":2,\"name\":\"Imprint\"}]},{\"@type\":\"WebSite\",\"@id\":\"https:\/\/online-reitschule.de\/#website\",\"url\":\"https:\/\/online-reitschule.de\/\",\"name\":\"online-reitschule\",\"description\":\"\",\"publisher\":{\"@id\":\"https:\/\/online-reitschule.de\/#organization\"},\"potentialAction\":[{\"@type\":\"SearchAction\",\"target\":{\"@type\":\"EntryPoint\",\"urlTemplate\":\"https:\/\/online-reitschule.de\/?s={search_term_string}\"},\"query-input\":{\"@type\":\"PropertyValueSpecification\",\"valueRequired\":true,\"valueName\":\"search_term_string\"}}],\"inLanguage\":\"en-US\"},{\"@type\":\"Organization\",\"@id\":\"https:\/\/online-reitschule.de\/#organization\",\"name\":\"Online-Reitschule\",\"url\":\"https:\/\/online-reitschule.de\/\",\"logo\":{\"@type\":\"ImageObject\",\"inLanguage\":\"en-US\",\"@id\":\"https:\/\/online-reitschule.de\/#\/schema\/logo\/image\/\",\"url\":\"https:\/\/online-reitschule.de\/wp-content\/uploads\/2020\/11\/image-3.svg\",\"contentUrl\":\"https:\/\/online-reitschule.de\/wp-content\/uploads\/2020\/11\/image-3.svg\",\"width\":1,\"height\":1,\"caption\":\"Online-Reitschule\"},\"image\":{\"@id\":\"https:\/\/online-reitschule.de\/#\/schema\/logo\/image\/\"},\"sameAs\":[\"https:\/\/www.facebook.com\/onlinereitschule\"]}]}<\/script>\n<!-- \/ Yoast SEO plugin. -->","yoast_head_json":{"title":"Imprint &#8211; online-reitschule","robots":{"index":"index","follow":"follow","max-snippet":"max-snippet:-1","max-image-preview":"max-image-preview:large","max-video-preview":"max-video-preview:-1"},"canonical":"https:\/\/online-reitschule.de\/impressum\/","og_locale":"en_US","og_type":"article","og_title":"Imprint &#8211; online-reitschule","og_description":"Information pursuant to Sect. 5 German Telemedia Act (TMG) OROHA GmbH &amp; Co KGBechtrup 63a59348 L\u00fcdinghausen Commercial Register: HRA 9133Registration court: Coesfeld Represented by:OROHA Verwaltungs GmbH That one represented by:Marius SchneiderCarina D\u00f6rfler Commercial Register: HRB 19242Registering court: Coesfeld Contact Phone: +49(0)2591 \u2013 8932741E-mail: kontakt@online-reitschule.de VAT ID Sales tax identification number according to Sect. 27 a [&hellip;]","og_url":"https:\/\/online-reitschule.de\/impressum\/","og_site_name":"online-reitschule","article_publisher":"https:\/\/www.facebook.com\/onlinereitschule","article_modified_time":"2021-01-16T12:17:59+00:00","og_image":[{"width":1000,"height":479,"url":"https:\/\/online-reitschule.de\/wp-content\/uploads\/2020\/11\/online-reitschule-responsive.png","type":"image\/png"}],"twitter_card":"summary_large_image","twitter_misc":{"Est. reading time":"2 minutes"},"schema":{"@context":"https:\/\/schema.org","@graph":[{"@type":"WebPage","@id":"https:\/\/online-reitschule.de\/impressum\/","url":"https:\/\/online-reitschule.de\/impressum\/","name":"Imprint &#8211; online-reitschule","isPartOf":{"@id":"https:\/\/online-reitschule.de\/#website"},"datePublished":"2020-11-24T21:13:07+00:00","dateModified":"2021-01-16T12:17:59+00:00","breadcrumb":{"@id":"https:\/\/online-reitschule.de\/impressum\/#breadcrumb"},"inLanguage":"en-US","potentialAction":[{"@type":"ReadAction","target":["https:\/\/online-reitschule.de\/impressum\/"]}]},{"@type":"BreadcrumbList","@id":"https:\/\/online-reitschule.de\/impressum\/#breadcrumb","itemListElement":[{"@type":"ListItem","position":1,"name":"Startseite","item":"https:\/\/online-reitschule.de\/en\/"},{"@type":"ListItem","position":2,"name":"Imprint"}]},{"@type":"WebSite","@id":"https:\/\/online-reitschule.de\/#website","url":"https:\/\/online-reitschule.de\/","name":"online-reitschule","description":"","publisher":{"@id":"https:\/\/online-reitschule.de\/#organization"},"potentialAction":[{"@type":"SearchAction","target":{"@type":"EntryPoint","urlTemplate":"https:\/\/online-reitschule.de\/?s={search_term_string}"},"query-input":{"@type":"PropertyValueSpecification","valueRequired":true,"valueName":"search_term_string"}}],"inLanguage":"en-US"},{"@type":"Organization","@id":"https:\/\/online-reitschule.de\/#organization","name":"Online-Reitschule","url":"https:\/\/online-reitschule.de\/","logo":{"@type":"ImageObject","inLanguage":"en-US","@id":"https:\/\/online-reitschule.de\/#\/schema\/logo\/image\/","url":"https:\/\/online-reitschule.de\/wp-content\/uploads\/2020\/11\/image-3.svg","contentUrl":"https:\/\/online-reitschule.de\/wp-content\/uploads\/2020\/11\/image-3.svg","width":1,"height":1,"caption":"Online-Reitschule"},"image":{"@id":"https:\/\/online-reitschule.de\/#\/schema\/logo\/image\/"},"sameAs":["https:\/\/www.facebook.com\/onlinereitschule"]}]}},"_links":{"self":[{"href":"https:\/\/online-reitschule.de\/en\/wp-json\/wp\/v2\/pages\/2474"}],"collection":[{"href":"https:\/\/online-reitschule.de\/en\/wp-json\/wp\/v2\/pages"}],"about":[{"href":"https:\/\/online-reitschule.de\/en\/wp-json\/wp\/v2\/types\/page"}],"author":[{"embeddable":true,"href":"https:\/\/online-reitschule.de\/en\/wp-json\/wp\/v2\/users\/1"}],"replies":[{"embeddable":true,"href":"https:\/\/online-reitschule.de\/en\/wp-json\/wp\/v2\/comments?post=2474"}],"version-history":[{"count":16,"href":"https:\/\/online-reitschule.de\/en\/wp-json\/wp\/v2\/pages\/2474\/revisions"}],"predecessor-version":[{"id":4927,"href":"https:\/\/online-reitschule.de\/en\/wp-json\/wp\/v2\/pages\/2474\/revisions\/4927"}],"wp:attachment":[{"href":"https:\/\/online-reitschule.de\/en\/wp-json\/wp\/v2\/media?parent=2474"}],"curies":[{"name":"wp","href":"https:\/\/api.w.org\/{rel}","templated":true}]}}